{"id":5,"date":"2018-11-06T13:58:30","date_gmt":"2018-11-06T12:58:30","guid":{"rendered":"http:\/\/gzvodice.si\/?page_id=5"},"modified":"2018-11-07T11:40:56","modified_gmt":"2018-11-07T10:40:56","slug":"o-zvezi","status":"publish","type":"page","link":"https:\/\/www.gzvodice.si\/?page_id=5","title":{"rendered":"O zvezi"},"content":{"rendered":"<p style=\"text-align: justify;\">Kronika GZ Vodice<\/p>\n<p style=\"text-align: justify;\">Po reorganizaciji lokalne samouprave v letu 1994 je bila po razpadu ob\u010dine Lj \u2013 \u0160i\u0161ka na na\u0161em podro\u010dju ustanovljena ob\u010dina Vodice. Z razpadom ob\u010dine Lj \u2013 \u0160i\u0161ka je razpadla tudi Ob\u010dinska gasilska zveza Lj \u2013 \u0160i\u0161ka v katero so bila do takrat vklju\u010dena vsa Prostovoljna gasilska dru\u0161tva na tem podro\u010dju. S tem je nastala potreba po novem organiziranju gasilcev na obmo\u010dju nove ob\u010dine Vodice. Mo\u017enosti sta bili pravzaprav dve; ali se priklju\u010diti oz. soustanoviti gasilsko zvezo z drugimi prostovoljnimi gasilskimi dru\u0161tvi sosednjih ob\u010din ali ustanoviti svojo gasilsko zvezo. Prevladala je odlo\u010ditev o ustanovitvi svoje gasilske zveze, kar je bila nedvomno dobra odlo\u010ditev.<\/p>\n<p style=\"text-align: justify;\">Ob\u010dinska gasilska zveza Vodice kasneje preimenovana v GZ Vodice je bila ustanovljena 23. junija 1995 v prostorih PGD \u0160inkov Turn. Tam je bil tudi sede\u017e GZ Vodice od ustanovitve pa do leta 1999, ko je zaradi utesnjenosti delo v zvezi postalo zelo te\u017eko. Zato se je vodstvo GZ Vodice odlo\u010dilo, da poi\u0161\u010de za svoje delo primernej\u0161e predvsem pa ve\u010dje prostore. Z 10. septembrom 1999 se je sede\u017e GZ Vodice preselil v na novo urejene podstre\u0161ne prostore gasilskega doma PGD Polje, kjer je sede\u017e GZ Vodice \u0161e danes.<\/p>\n<p style=\"text-align: justify;\">V gasilsko zvezo Vodice je vklju\u010denih \u0161est prostovoljnih gasilskih dru\u0161tev in sicer:<\/p>\n<ul>\n<li><a href=\"http:\/\/pgdvodice.si\/\">PGD Vodice ustanovljeno 1903, <\/a><\/li>\n<li><a href=\"https:\/\/sl-si.facebook.com\/people\/Pgd-Polje\/100009907784612\">PGD Polje ustanovljeno 1921,<\/a><\/li>\n<li><a href=\"http:\/\/www.pgdsinkovturn.si\/\">PGD \u0160inkov Turn ustanovljeno 1925, <\/a><\/li>\n<li><a href=\"https:\/\/sl-si.facebook.com\/people\/Pgd-Zapoge\/100012076156952\">PGD Zapoge ustanovljeno 1926, <\/a><\/li>\n<li><a href=\"https:\/\/www.facebook.com\/pgdbukovica.utik\/?fref=ts\">PGD Bukovica \u2013 Utik ustanovljeno 1940 ter <\/a><\/li>\n<li><a href=\"http:\/\/pgd.repnje.si\/\">PGD Repnje &#8211; Dobru\u0161a ustanovljeno 1958.<\/a><\/li>\n<\/ul>\n<p style=\"text-align: justify;\">Prostovoljna gasilska dru\u0161tva Vodice, Polje, \u0160inkov Turn in kasneje Bukovica &#8211; Utik so bila do druge svetovne vojne povezana v Gasilsko \u017eupo Kamnik po drugi svetovni vojni pa so bila vklju\u010dena v Okraj Kamnik kot sektor Vodice kateremu je poveljeval takratni poveljnik Janko Je\u017e (Tomanov iz Vodic). Prostovoljno gasilsko dru\u0161tvo Zapoge pa je bilo do druge svetovne vojne vklju\u010deno v Gasilsko \u017eupo Kranj, po drugi svetovni vojni pa je bilo dru\u0161tvo vklju\u010deno v okraj Medvode. Dru\u0161tva, ki so bila vklju\u010dena v Okraj Kamnik so v letu 1952 pre\u0161la pod okraj Ljubljana \u2013 okolica. Leta 1955 pa je bilo s takratnim odlokom mo\u017eno ustanavljanje ob\u010dinskih gasilskih zvez in takrat je bila ustanovljena Ob\u010dinska gasilska zveza Ljubljana &#8211; \u0160i\u0161ka katere del so bila tudi omenjena prostovoljna gasilska dru\u0161tva. Prostovoljno gasilsko dru\u0161tvo Zapoge pa je bilo takrat priklju\u010deno ob\u010dinski gasilski zvezi Medvode. Ker je bila ustanovitev ob\u010dinskih gasilskih zvez pomembna prelomnica v organizaciji gasilstva v Sloveniji se v leto\u0161njem letu hkrati spominjamo tudi 60 letnice tovrstne organiziranosti gasilstva pri nas. Vendar tudi po letu 1955 reorganizacij \u0161e ni bilo konec. 19. februarja 1961 je bila ustanovljena Ob\u010dinska gasilska zveza Ljubljana \u2013 \u0160entvid v kateri so bila na\u0161a dru\u0161tva, tudi leta 1958 ustanovljeno Prostovoljno gasilsko dru\u0161tvo Repnje &#8211; Dobru\u0161a formirana pod sektor Vodice. Po dveh letih to\u010dneje 17. marca 1963 je OGZ Ljubljana \u2013 \u0160entvid prenehala s svojim delovanjem dru\u0161tva pa so se priklju\u010dila nazaj OGZ Ljubljana \u2013 \u0160i\u0161ka. Istega leta in sicer 13. oktobra 1963 je prenehala z delom tudi Ob\u010dinska gasilska zveza Medvode, Prostovoljno gasilsko dru\u0161tvo Zapoge pa se je z ostalimi dru\u0161tvi priklju\u010dilo OGZ Ljubljana \u2013 \u0160i\u0161ka.<\/p>\n<p style=\"text-align: justify;\">Navkljub vsem reorganizacijam v organiziranosti je poveljnik sektorja Vodice, Janko Je\u017e opravljal to funkcijo vse do leta 1965. Takrat, ga je nasledil Vili \u010crnivec, ki je bil prav tako \u010dlan PGD Vodice, pred poroko in preselitvijo v Vodice pa \u010dlan PGD \u0160inkov Turn. Tov. Vili \u010crnivec je funkcijo opravljal do leta 1981. Njega pa je nasledil tov. Janez Jenko, \u010dlan PGD \u0160inkov Turn, ki je sektorju uspe\u0161no poveljeval do razpada OGZ Ljubljana \u2013 \u0160i\u0161ka in ustanovitve GZ Vodice v letu 1995. Z ustanovitvijo GZ Vodice je sektor zamenjalo poveljstvo GZ Vodice.<\/p>\n<p style=\"text-align: justify;\">Ob ustanovitvi GZ Vodice je bil za prvega predsednika izvoljen tov. Janez Jenko G\u010c 2.st. \u010dlan PGD \u0160inkov Turn, ki je GZ Vodice vodil do kongresnega leta 2013, ko je to mesto prepustil dosedanjemu predsedniku tov. Bogomirju Novaku VG\u010c org 2.st. Za poveljnika je bil izvoljen tov. \u0160tefan Rom\u0161ak G\u010c 2.st., ki je bil poveljnik GZ Vodice do leta 1998, ko je poveljevanje prepustil tov. Alojziju Koscu VG\u010c 2. st., \u010dlanu PGD \u0160inkov Turn, ki GZ Vodice poveljuje \u0161e danes. V letu 2003 se je GZ Vodice vklju\u010dila v regijski svet regije Ljubljana I, na prvi seji pa je bil za prvega podpoveljnika in namestnika poveljnika regijskega poveljstva izbran na\u0161 poveljnik tov. Alojzij Kosec, ki je to funkcijo opravljal en mandat.<\/p>\n<p style=\"text-align: justify;\">Po dru\u0161tvih, ki se povezujejo v GZ Vodice je trenutno vklju\u010denih preko 1200 \u010dlanov od najmlaj\u0161ih kategorij do veteranov. Po gasilski izobrazbi imamo 127 \u010dlanov, ki imajo \u010din ni\u017eji gasilski \u010dastnik in 90 \u010dlanov z \u010dinom gasilski \u010dastnik ali ve\u010d. Na\u0161e \u010dlanice in \u010dlani aktivno sodelujejo v komisijah pri GZ Slovenije ter v regijskem svetu regije Ljubljana I.<\/p>\n<p style=\"text-align: justify;\">V \u010dasu delovanja Gasilske zveze Vodice je bilo po dru\u0161tvih v GZ Vodice nabavljenih 10 novih gasilskih vozil ter dve rabljeni gasilski vozili. Danes ima vsako dru\u0161tvo v GZ Vodice vsaj eno sodobno gasilsko vozilo z vodo s katerim lahko samostojno pogasi manj\u0161i po\u017ear v objektu ali na vozilu, kar je za na\u0161o ob\u010dino velik napredek v po\u017earni varnosti. Nabavljenih je bilo ve\u010d dihalnih aparatov, za\u0161\u010ditnih in ognjevarnih gasilskih oblek ter ostale gasilske opreme. Pogled na postroj operativnih gasilcev je zato danes precej druga\u010den kot pred 10 leti, ko je bila ve\u010dina gasilcev \u0161e v oran\u017enih ali celo \u010drnih oblekah, ki gasilcu na intervenciji v boju z ognjenimi zublji nikakor niso nudile primerne oziroma zadostne za\u0161\u010dite.<\/p>\n<p style=\"text-align: justify;\">Nenazadnje je prav omeniti, da smo v GZ Vodice poseben poudarek namenjali tudi razli\u010dnim tekmovanjem in ostalim dru\u017eenjem gasilcev. Tako smo \u017ee v letu 1996 organizirali prvo skupno gasilsko tekmovanje GZ Vodice in GZ Medvode v vseh kategorijah. Istega leta smo pri\u010deli z organizacijo mladinskega krosa. Leta 1997 smo pri\u010deli s tekmovanjem za Prehodni pokal ob\u010dine Vodice. Organizirali pa smo tudi ve\u010d regijskih izbirnih tekmovanj. Leta 2000 smo organizirali prvi gasilski avtorally, leta 2002 gasilski mnogoboj in vsa ta tekmovanja od takrat potekajo vsako leto. \u0160e kot sektor Vodice smo se leta 1991 organizirano za\u010deli udele\u017eevati Florjanovih ma\u0161 na Florjanovo nedeljo na \u0160marni gori, od leta 2002 pa na praznik svetega Florjana tudi v eni od cerkva v dolini. V jeseni leta 2005 smo prvi\u010d organizirali tako imenovani gasilski dan na katerem smo ob\u010danom prikazali gasilsko tehniko, ki jo uporabljamo v boju z ognjem in drugimi nesre\u010dami in na\u0161o pripravljenost in izurjenost za rokovanje z njo. Prireditev, ki jo je pogosto spremljalo slabo vreme smo ponovili \u0161e dve leti zapored v Vodicah potem pa s presledki v Polju, nazadnje v maju 2015 v po\u010dastitev praznovanj ob 20 letnici delovanja Gasilske zveze Vodice.<\/p>\n<p style=\"text-align: justify;\">Kroniko zaklju\u010dujem z mislijo, da je bil tokrat ve\u010dji pudarek namenjen zgodovini povezovanja na\u0161ih dru\u0161tev v \u0161ir\u0161a zdru\u017eenja kot sami zgodovini GZ Vodice. Ker \u0161e vedno velja tisto, kar je zapisal \u017ee g. Slap\u0161ak ob ustanovitvi PGD Vodice daljnega leta 1903.<\/p>\n<blockquote><p>Posamezen \u010dlovek je pritlikavec, preslaboten za velika dela. Kaj bo en sam! Saj ne bo ni\u010desar opravil! Ne bo zmogel! Ne bo ni\u010d! &#8211; Tako se ve\u010dkrat sli\u0161i. A \u010de se ljudje zdru\u017eijo, potem je druga, potem pa ljudje druga\u010de govore. Zdaj bo pa \u017ee nekaj, ko jih je toliko! &#8211; pravijo. Zdaj se bo pa \u017ee poznalo, kjer bodo prijeli. Da, da, kaj velikega se da ustvariti le z zdru\u017eenimi mo\u010dmi &#8211; viribus unitis.<\/p><\/blockquote>\n<p style=\"text-align: justify;\">Kakor smo zapisali pred 10 leti lahko ponovimo tudi sedaj. 20 let hitro mine in ve\u010dina se nas \u0161e dobro spominja ustanovitve, za\u010detkov in prvih korakov v novi gasilski zvezi. \u010ceprav z bogatimi izku\u0161njami smo morali marsikatero stvar postaviti prav od za\u010detka. Iz ni\u010d kot radi re\u010demo in danes se s ponosom oziramo na prehojeno pot. Postavljeni so dobri temelji, zato se pogumno obrnimo v prihodnost Gasilske zveze Vodice.<\/p>\n<p style=\"text-align: justify;\">V Polju pri Vodicah, Maj 2015<\/p>\n","protected":false},"excerpt":{"rendered":"<p>Kronika GZ Vodice Po reorganizaciji lokalne samouprave v letu 1994 je bila po razpadu ob\u010dine Lj \u2013 \u0160i\u0161ka na na\u0161em podro\u010dju ustanovljena ob\u010dina Vodice. Z razpadom ob\u010dine Lj \u2013 \u0160i\u0161ka je razpadla tudi Ob\u010dinska gasilska zveza Lj \u2013 \u0160i\u0161ka v&#8230;<\/p>\n","protected":false},"author":1,"featured_media":0,"parent":0,"menu_order":0,"comment_status":"closed","ping_status":"closed","template":"","meta":{"footnotes":"","_links_to":"","_links_to_target":""},"class_list":["post-5","page","type-page","status-publish","hentry"],"_links":{"self":[{"href":"https:\/\/www.gzvodice.si\/index.php?rest_route=\/wp\/v2\/pages\/5","targetHints":{"allow":["GET"]}}],"collection":[{"href":"https:\/\/www.gzvodice.si\/index.php?rest_route=\/wp\/v2\/pages"}],"about":[{"href":"https:\/\/www.gzvodice.si\/index.php?rest_route=\/wp\/v2\/types\/page"}],"author":[{"embeddable":true,"href":"https:\/\/www.gzvodice.si\/index.php?rest_route=\/wp\/v2\/users\/1"}],"replies":[{"embeddable":true,"href":"https:\/\/www.gzvodice.si\/index.php?rest_route=%2Fwp%2Fv2%2Fcomments&post=5"}],"version-history":[{"count":2,"href":"https:\/\/www.gzvodice.si\/index.php?rest_route=\/wp\/v2\/pages\/5\/revisions"}],"predecessor-version":[{"id":44,"href":"https:\/\/www.gzvodice.si\/index.php?rest_route=\/wp\/v2\/pages\/5\/revisions\/44"}],"wp:attachment":[{"href":"https:\/\/www.gzvodice.si\/index.php?rest_route=%2Fwp%2Fv2%2Fmedia&parent=5"}],"curies":[{"name":"wp","href":"https:\/\/api.w.org\/{rel}","templated":true}]}}