{"id":409,"date":"2019-03-14T09:10:06","date_gmt":"2019-03-14T08:10:06","guid":{"rendered":"http:\/\/gzvodice.si\/?page_id=409"},"modified":"2025-05-07T06:26:31","modified_gmt":"2025-05-07T06:26:31","slug":"enota-za-prvo-pomoc","status":"publish","type":"page","link":"https:\/\/www.gzvodice.si\/?page_id=409","title":{"rendered":"Enota za prvo pomo\u010d"},"content":{"rendered":"<p>email: prvapomoc@gzvodice.si<br \/>\nwww: <a href=\"http:\/\/prvapomoc112.si\/\">http:\/\/prvapomoc112.si\/<\/a><\/p>\n<h1 class=\"elementor-heading-title elementor-size-default\">Kdo smo in kaj po\u010dnemo?<\/h1>\n<div class=\"elementor-element elementor-element-e5f497e elementor-widget elementor-widget-text-editor\" data-id=\"e5f497e\" data-element_type=\"widget\" data-widget_type=\"text-editor.default\">\n<div class=\"elementor-widget-container\">\n<div class=\"elementor-text-editor elementor-clearfix\">\n<p><strong><em>Gasilci iz vseh prostovoljnih gasilskih dru\u0161tev na\u0161e gasilske zveze, zdru\u017eeni v enoto prve pomo\u010di (EPP)<\/em><\/strong><\/p>\n<\/div>\n<\/div>\n<\/div>\n<div class=\"elementor-element elementor-element-5dcd18a elementor-widget elementor-widget-text-editor\" data-id=\"5dcd18a\" data-element_type=\"widget\" data-widget_type=\"text-editor.default\">\n<div class=\"elementor-widget-container\">\n<div class=\"elementor-text-editor elementor-clearfix\">\n<p><a href=\"http:\/\/gzvodice.si\/wp-content\/uploads\/2019\/10\/epp.jpg\"><img loading=\"lazy\" decoding=\"async\" class=\"alignnone  wp-image-927 aligncenter\" src=\"http:\/\/gzvodice.si\/wp-content\/uploads\/2019\/10\/epp-300x225.jpg\" alt=\"\" width=\"441\" height=\"331\"><\/a><\/p>\n<p>Vsi \u010dlani so certificirani prvi posredovalci pripravljeni na posredovanje ob nujnih in \u017eivljenjsko ogro\u017eujo\u010dih stanjih. Posredujemo skupaj z re\u0161evalci nujne medicinske pomo\u010di.<\/p>\n<p>Posredovanje gasilcev \u2013 specialistov za prvo pomo\u010d se razlikuje predvsem v tem, da je pri nujnem zdravstvenem stanju dovolj \u017ee posameznik, ki lahko odlo\u010dno pripomore k izbolj\u0161anju prognoze obolelega. Povsem druga\u010de kot pri klasi\u010dnih gasilskih intervencijah, kjer posameznik za uspe\u0161no posredovanje v veliki ve\u010dini primerov ne zado\u0161\u010da. Razlika je tudi v sami opremi \u010dlana enote prve pomo\u010di, ki je lahko zelo osnovna in jo ima \u010dlan v osebni zadol\u017eitvi ter ni nujno, da je shranjena v gasilskem domu (GD)<\/p>\n<h2>Pogosta vpra\u0161anja<\/h2>\n<p><strong>Ali ste v ekipi re\u0161evalci?<\/strong><br \/>\nNe, smo enota prostovoljnih gasilcev, s specialnostjo bolni\u010dar oz certificirani prvi posredovalec.<\/p>\n<p><strong>Ali to pomeni da prevzemate delo re\u0161evalcev in zdravnikov?<\/strong><br \/>\n<strong>Ne nikakor!<\/strong> Enota za prvo pomo\u010d je aktivirana <strong>isto\u010dasno<\/strong> z ekipo nujne medicinske pomo\u010di. Na\u0161a naloga je hitrej\u0161a prva pomo\u010d, med tem ko se re\u0161evalno vozilo prebija na kraj intervencije na obmo\u010dje ob\u010dine Vodice.<\/p>\n<p><strong>Ali ste za posredovanje pla\u010dani?<\/strong><br \/>\nNe. Delujemo pod okriljem GZ Vodice in v prvi vrsti smo \u0161e vedno prostovoljni gasilci. Za svoje delo ne dobimo pla\u010dila.<\/p>\n<p><strong>Kdo vam kupuje opremo?<\/strong><br \/>\nOprema s katero posredujemo na intervencijah je kupljena s pomo\u010djo mati\u010dne gasilske zveze \u2013 Vodice in tudi ob\u010dine Vodice, ki je prepoznala dodano vrednost na\u0161ega delovanja. Dolo\u010den del opreme za posredovanje smo kupili tudi s pomo\u010djo sponzorjev. Ker je enota \u0161ele dobro za\u010dela z delovanjem pa se na\u0161 nabor opreme sproti posodablja in pove\u010duje skladno z finan\u010dnimi zmo\u017enostmi in potrebami.<\/p>\n<p><strong>Na pomo\u010d pridete tudi s svojimi vozili. Zakaj?<\/strong><br \/>\nStanja v katerih je ogro\u017eeno \u017eivljenje ne dopu\u0161\u010dajo izgube dragocenih minut. Zato se lahko zgodi, da bomo ob pozivu \u010dlani enote presodili, da bomo hitrej\u0161i \u010de se na kraj intervencije odpravimo s svojim vozilom. Kraj posredovanja je lahko nekje na na\u0161i poti do gasilnega doma in zato imamo vso potrebno opremo vedno pri sebi oz v osebni zadol\u017eitvi.<\/p>\n<p><strong>Kako vas lahko aktiviram oz. pokli\u010dem na pomo\u010d?<\/strong><br \/>\nAktivacija <strong>vedno<\/strong> poteka preko regijskega centra za obve\u0161\u010danje. Torej preko \u0161tevilke <strong>112<\/strong>.<\/p>\n<p>Ve\u010d o nas si preberite na spletni strani <a href=\"http:\/\/prvapomoc112.si\/\">http:\/\/prvapomoc112.si\/<\/a>.<\/p>\n<\/div>\n<\/div>\n<\/div>\n","protected":false},"excerpt":{"rendered":"<p>email: prvapomoc@gzvodice.si www: http:\/\/prvapomoc112.si\/ Kdo smo in kaj po\u010dnemo? Gasilci iz vseh prostovoljnih gasilskih dru\u0161tev na\u0161e gasilske zveze, zdru\u017eeni v enoto prve pomo\u010di (EPP) Vsi \u010dlani so certificirani prvi posredovalci pripravljeni na posredovanje ob nujnih in \u017eivljenjsko ogro\u017eujo\u010dih stanjih. Posredujemo&#8230;<\/p>\n","protected":false},"author":1,"featured_media":0,"parent":17,"menu_order":7,"comment_status":"closed","ping_status":"closed","template":"","meta":{"footnotes":"","_links_to":"","_links_to_target":""},"class_list":["post-409","page","type-page","status-publish","hentry"],"_links":{"self":[{"href":"https:\/\/www.gzvodice.si\/index.php?rest_route=\/wp\/v2\/pages\/409","targetHints":{"allow":["GET"]}}],"collection":[{"href":"https:\/\/www.gzvodice.si\/index.php?rest_route=\/wp\/v2\/pages"}],"about":[{"href":"https:\/\/www.gzvodice.si\/index.php?rest_route=\/wp\/v2\/types\/page"}],"author":[{"embeddable":true,"href":"https:\/\/www.gzvodice.si\/index.php?rest_route=\/wp\/v2\/users\/1"}],"replies":[{"embeddable":true,"href":"https:\/\/www.gzvodice.si\/index.php?rest_route=%2Fwp%2Fv2%2Fcomments&post=409"}],"version-history":[{"count":12,"href":"https:\/\/www.gzvodice.si\/index.php?rest_route=\/wp\/v2\/pages\/409\/revisions"}],"predecessor-version":[{"id":2601,"href":"https:\/\/www.gzvodice.si\/index.php?rest_route=\/wp\/v2\/pages\/409\/revisions\/2601"}],"up":[{"embeddable":true,"href":"https:\/\/www.gzvodice.si\/index.php?rest_route=\/wp\/v2\/pages\/17"}],"wp:attachment":[{"href":"https:\/\/www.gzvodice.si\/index.php?rest_route=%2Fwp%2Fv2%2Fmedia&parent=409"}],"curies":[{"name":"wp","href":"https:\/\/api.w.org\/{rel}","templated":true}]}}