{"id":36,"date":"2018-11-06T14:34:13","date_gmt":"2018-11-06T13:34:13","guid":{"rendered":"http:\/\/gzvodice.si\/?page_id=36"},"modified":"2018-11-06T14:34:13","modified_gmt":"2018-11-06T13:34:13","slug":"pgd-zapoge","status":"publish","type":"page","link":"https:\/\/www.gzvodice.si\/?page_id=36","title":{"rendered":"PGD Zapoge"},"content":{"rendered":"<p>e-mail: pgd.zapoge@gmail.com<br \/>\nfacebook: <a href=\"https:\/\/www.facebook.com\/groups\/1113062605418469\" target=\"_blank\" rel=\"noopener\">https:\/\/www.facebook.com\/groups\/1113062605418469<\/a><\/p>\n<p><img loading=\"lazy\" decoding=\"async\" class=\"alignnone size-medium wp-image-37 aligncenter\" src=\"http:\/\/gzvodice.si\/wp-content\/uploads\/2018\/11\/l_1059971_gd-zapoge1-300x200.jpg\" alt=\"\" width=\"300\" height=\"200\" \/><\/p>\n<div style=\"text-align: justify;\">\n<p>28. novembra 1926 se je v hi\u0161i Alojzija Ho\u010devarja v Zapogah rodila organizacija, ki vsa leta do danes uspe\u0161no deluje v dobro ljudi na obmo\u010dju naselij Zapoge, Dornice, Torovo in \u0161ir\u0161e. Ob prisotnosti funkcionarjev kranjske gasilske \u017eupe je bilo konstituirano Prostovoljno gasilsko dru\u0161tvo Zapoge. Vanj se je v\u010dlanilo 26 va\u0161\u010danov Zapog, Dornic in Torovega. Originalni zapisnik ustanovnega ob\u010dnega zbora \u0161e danes hranijo v arhivu dru\u0161tva.<\/p>\n<p>Prizadevnost \u010dlanov se je pokazala \u017ee v prvem letu delovanja. Izgradnja lesenega stolpa za su\u0161enje cevi in voza za navijanje cevi sta bila prva dose\u017eka, ki jih je dru\u0161tvo uspelo realizirati kmalu po ustanovitvi. Sredstva za delovanje je dru\u0161tvo pridobivalo z organiziranjem dru\u017eabnih sre\u010danj, tombol in veselic, pomagala so mu tudi ob\u010dinska sredstva.<\/p>\n<p>Leta 1929 je dru\u0161tvo pridobilo motorno brizgalno Rosenbauer, katero hranijo v svojem gasilskem domu, saj \u0161e vedno deluje in danes predstavlja \u017ee pravo muzejsko vrednost. V tem obdobju so vasi, ki jih dru\u0161tvo pokriva, dobile dva po\u017earna bazena s kapaciteto po 50m3.<\/p>\n<\/div>\n<div style=\"text-align: justify;\">Leta 1935 so \u010dlani dru\u0161tva pristopili k izdelavi na\u010drtov za gasilski dom, vendar jim do pri\u010detka 2. svetovne vojne teh na\u010drtov ni uspelo uresni\u010diti. Celotno obdobje od ustanovitve do 2. svetovne vojne je dru\u0161tvo skrbelo za dru\u017eabno \u017eivljenje na vasi. Ob tem so se \u010dlani stalno izobra\u017eevali za posredovanja v po\u017earih, ki jih je bilo v tem \u010dasu kar precej, od 2 do 5 na leto. Njihovo delovanje ni bilo omejeno le na doma\u010de vasi, saj so pomagali tudi pri ga\u0161enju po\u017earov tudi v bli\u017enji okolici. V \u010dasu 2. svetovne vojne je delo dru\u0161tva zamrlo, vendar je takoj po koncu vojne spet za\u017eivelo. Leta 1954 so se \u010dlani lotili uresni\u010devanja na\u010drta iz leta 1935 ter pri\u010deli z izgradnjo gasilskega doma, ki je bil zgrajen v treh letih. V 1962 je dru\u0161tvo razvilo nov prapor.Deset let za tem je dru\u0161tvo, ob veliki podpori va\u0161\u010danov, kupilo prvi gasilski avtomobil, dve leti kasneje pa \u0161e novo motorno brizgalno. Ob svoji 75. obletnici delovanja je dru\u0161tvo razvilo nov prapor, simbol pod katerim se zbirajo \u010dlani. V letu 2004 so se \u010dlani dru\u0161tva, ob izdatni pomo\u010di krajanov in Ob\u010dine Vodice, razveselili nove pridobitve, gasilskega komandnega vozila.Iti v korak s \u010dasom je ostal moto dru\u0161tva kljub temu, da se generacije stalno menjajo. Izobra\u017eevanje, udele\u017eba na vajah in tekmovanjih, vzdr\u017eevanje in obnavljanje opreme in gasilskega doma, so aktivnosti, ki jih dru\u0161tvo vseskozi goji. Ni jim potrebno zardevati, ko pogledajo opremljenost in delovanje dru\u0161tva danes. Kljub temu, da \u010dlanov ni veliko, saj spadajo njihove vasi v eno najmanj\u0161ih far v Sloveniji, se lahko pohvalijo z udele\u017ebo najmanj petih ekip na tekmovanjih, s skrbjo prizadevnih \u010dlanov za podmladek in s sposobnostjo, da ob vsakem \u010dasu pomagajo pri nesre\u010dah, ki se \u017eal \u0161e vedno dogajajo.<\/p>\n<p>Dana\u0161nje ambicije dru\u0161tva niso samo v \u0161tevilnosti \u010dlanstva, ki jih danes \u0161teje preko 100. Usmerjene so v posodobitev opreme in usposobljenost \u010dlanov za ravnanje s to opremo, da bi uspe\u0161no prisko\u010dili na pomo\u010d vsakomur, ki jo potrebuje.<\/p>\n<\/div>\n","protected":false},"excerpt":{"rendered":"<p>e-mail: pgd.zapoge@gmail.com facebook: https:\/\/www.facebook.com\/groups\/1113062605418469 28. novembra 1926 se je v hi\u0161i Alojzija Ho\u010devarja v Zapogah rodila organizacija, ki vsa leta do danes uspe\u0161no deluje v dobro ljudi na obmo\u010dju naselij Zapoge, Dornice, Torovo in \u0161ir\u0161e. Ob prisotnosti funkcionarjev kranjske gasilske&#8230;<\/p>\n","protected":false},"author":1,"featured_media":0,"parent":17,"menu_order":6,"comment_status":"closed","ping_status":"closed","template":"","meta":{"footnotes":"","_links_to":"","_links_to_target":""},"class_list":["post-36","page","type-page","status-publish","hentry"],"_links":{"self":[{"href":"https:\/\/www.gzvodice.si\/index.php?rest_route=\/wp\/v2\/pages\/36","targetHints":{"allow":["GET"]}}],"collection":[{"href":"https:\/\/www.gzvodice.si\/index.php?rest_route=\/wp\/v2\/pages"}],"about":[{"href":"https:\/\/www.gzvodice.si\/index.php?rest_route=\/wp\/v2\/types\/page"}],"author":[{"embeddable":true,"href":"https:\/\/www.gzvodice.si\/index.php?rest_route=\/wp\/v2\/users\/1"}],"replies":[{"embeddable":true,"href":"https:\/\/www.gzvodice.si\/index.php?rest_route=%2Fwp%2Fv2%2Fcomments&post=36"}],"version-history":[{"count":1,"href":"https:\/\/www.gzvodice.si\/index.php?rest_route=\/wp\/v2\/pages\/36\/revisions"}],"predecessor-version":[{"id":38,"href":"https:\/\/www.gzvodice.si\/index.php?rest_route=\/wp\/v2\/pages\/36\/revisions\/38"}],"up":[{"embeddable":true,"href":"https:\/\/www.gzvodice.si\/index.php?rest_route=\/wp\/v2\/pages\/17"}],"wp:attachment":[{"href":"https:\/\/www.gzvodice.si\/index.php?rest_route=%2Fwp%2Fv2%2Fmedia&parent=36"}],"curies":[{"name":"wp","href":"https:\/\/api.w.org\/{rel}","templated":true}]}}