{"id":33,"date":"2018-11-06T14:32:26","date_gmt":"2018-11-06T13:32:26","guid":{"rendered":"http:\/\/gzvodice.si\/?page_id=33"},"modified":"2018-11-06T14:32:26","modified_gmt":"2018-11-06T13:32:26","slug":"pgd-vodice","status":"publish","type":"page","link":"https:\/\/www.gzvodice.si\/?page_id=33","title":{"rendered":"PGD Vodice"},"content":{"rendered":"<p>e-mail: pgdvodice@gmail.com<br \/>\nwww: <a href=\"http:\/\/pgdvodice.si\/\" target=\"_blank\" rel=\"noopener\">http:\/\/pgdvodice.si\/<\/a><br \/>\nfacebook: <a href=\"https:\/\/www.facebook.com\/pgd.vodice\" target=\"_blank\" rel=\"noopener\">https:\/\/www.facebook.com\/pgd.vodice<\/a><\/p>\n<p><img loading=\"lazy\" decoding=\"async\" class=\"alignnone size-medium wp-image-34 aligncenter\" src=\"http:\/\/gzvodice.si\/wp-content\/uploads\/2018\/11\/l_1059961_gd-vodice1-300x200.jpg\" alt=\"\" width=\"300\" height=\"200\" \/><\/p>\n<div style=\"text-align: justify;\">\n<p>Prostovoljno gasilsko dru\u0161tvo Vodice je bilo ustanovljeno dne 1. marca 1903. Pobudnik za ustanovitev in prvi na\u010denik dru\u0161tva je bil takratni nadu\u010ditelj v Vodicah Julij Slap\u0161ak. Ob ustanovitvi je imelo dru\u0161tvo 28 \u010dlanov, do prevzema prve brizgalnice tvrdke R.A. Smekal iz Zagreba, ki je bilo dne 12. julija 1903 pa \u017ee 33 mo\u017e. Prva leta so bili ve\u010dinoma odrasli va\u0161\u010dani, ki so \u017eeleli skupaj pomagati bli\u017enjemu v nesre\u010di. Ustanovitelj Julij Slap\u0161ak je leta 1903 takole zapisal: &#8220;Posamezen \u010dlovek, \u010de je tudi mo\u010dan kot Samson ne opravi veliko, kadar se poka\u017ee rde\u010di petelin na krovu zbeganih stanovalcev.&#8221; Zato smo se zdru\u017eili v jato, ki je na\u0161e gasilno dru\u0161tvo. In tako je na\u0161a jata v vseh teh letih zagotovo \u0161tela blizu 500 \u010dlanov. V prvih letih ve\u010dinoma samo odraslih \u010dlanov operativcev. Potem so se pridru\u017eile tudi \u010dlanice, operativci so z leti postali veterani, po 50 letih od ustanovitve pa se je za\u010delo delati tudi z mladino. Danes se ve\u010dina \u010dlanov vklju\u010di v dru\u0161tvo kot pionirji in mladinci, ki za\u010dnejo svoje delo v tekmovalnih desetinah. Dru\u0161tvo trenutno \u0161teje 213 \u010dlanov od tega 83 pionirjev in mladincev, kar predstavlja ugodno razmerje med mlaj\u0161imi in starej\u0161imi generacijami in daje upanje, da bo dru\u0161tvo uspe\u0161no delovalo tudi v prihodnje.<\/p>\n<\/div>\n<div style=\"text-align: justify;\">Prostovoljno gasilsko dru\u0161tvo Vodice je \u010dlan gasilske zveze Vodice. Je osrednje gasilsko dru\u0161tvo v ob\u010dini Vodice in je razvr\u0161\u010deno v III. kategorijo. Osnovno poslanstvo dru\u0161tva je pomagati so\u010dloveku v stiski, naj bo to v boju z ognjem, poplavo ali katero drugo obliko nesre\u010de. Prav tako se vsa leta trudijo, da so \u010dlani dru\u0161tva strokovno usposobljeni in ustrezno opremljeni ter vsak trenutek pripravljeni prisko\u010diti na pomo\u010d. Poleg tega se vsako leto udele\u017eujejo gasilsko-\u0161portnih tekmovanj tako z najmlaj\u0161imi \u010dlani, mladino, operativnimi \u010dlani in zadnja leta tudi z veterani. Na dru\u017eabnem podro\u010dju v predpustnem \u010dasu organizirajo gasilsko klobasarsko tombolo, poleti pa gasilsko veselico. Rado sodelujejo tudi pri organizaciji ostalih prireditev v ob\u010dini in Gasilski zvezi Vodice.<\/div>\n","protected":false},"excerpt":{"rendered":"<p>e-mail: pgdvodice@gmail.com www: http:\/\/pgdvodice.si\/ facebook: https:\/\/www.facebook.com\/pgd.vodice Prostovoljno gasilsko dru\u0161tvo Vodice je bilo ustanovljeno dne 1. marca 1903. Pobudnik za ustanovitev in prvi na\u010denik dru\u0161tva je bil takratni nadu\u010ditelj v Vodicah Julij Slap\u0161ak. Ob ustanovitvi je imelo dru\u0161tvo 28 \u010dlanov, do&#8230;<\/p>\n","protected":false},"author":1,"featured_media":0,"parent":17,"menu_order":5,"comment_status":"closed","ping_status":"closed","template":"","meta":{"footnotes":"","_links_to":"","_links_to_target":""},"class_list":["post-33","page","type-page","status-publish","hentry"],"_links":{"self":[{"href":"https:\/\/www.gzvodice.si\/index.php?rest_route=\/wp\/v2\/pages\/33","targetHints":{"allow":["GET"]}}],"collection":[{"href":"https:\/\/www.gzvodice.si\/index.php?rest_route=\/wp\/v2\/pages"}],"about":[{"href":"https:\/\/www.gzvodice.si\/index.php?rest_route=\/wp\/v2\/types\/page"}],"author":[{"embeddable":true,"href":"https:\/\/www.gzvodice.si\/index.php?rest_route=\/wp\/v2\/users\/1"}],"replies":[{"embeddable":true,"href":"https:\/\/www.gzvodice.si\/index.php?rest_route=%2Fwp%2Fv2%2Fcomments&post=33"}],"version-history":[{"count":1,"href":"https:\/\/www.gzvodice.si\/index.php?rest_route=\/wp\/v2\/pages\/33\/revisions"}],"predecessor-version":[{"id":35,"href":"https:\/\/www.gzvodice.si\/index.php?rest_route=\/wp\/v2\/pages\/33\/revisions\/35"}],"up":[{"embeddable":true,"href":"https:\/\/www.gzvodice.si\/index.php?rest_route=\/wp\/v2\/pages\/17"}],"wp:attachment":[{"href":"https:\/\/www.gzvodice.si\/index.php?rest_route=%2Fwp%2Fv2%2Fmedia&parent=33"}],"curies":[{"name":"wp","href":"https:\/\/api.w.org\/{rel}","templated":true}]}}