{"id":24,"date":"2018-11-06T14:24:58","date_gmt":"2018-11-06T13:24:58","guid":{"rendered":"http:\/\/gzvodice.si\/?page_id=24"},"modified":"2022-01-17T14:26:54","modified_gmt":"2022-01-17T13:26:54","slug":"pgd-polje","status":"publish","type":"page","link":"https:\/\/www.gzvodice.si\/?page_id=24","title":{"rendered":"PGD Polje"},"content":{"rendered":"<p>e-mail: pgd.polje@gmail.com<br \/>\nfacebook: <a href=\"http:\/\/www.facebook.com\/people\/Pgd-Polje\/100009907784612\" target=\"_blank\" rel=\"noopener\">http:\/\/www.facebook.com\/people\/Pgd-Polje\/100009907784612<\/a><\/p>\n<p><a href=\"http:\/\/gzvodice.si\/wp-content\/uploads\/2022\/01\/IMG_20220108_135436.jpg\"><img loading=\"lazy\" decoding=\"async\" class=\" wp-image-1675 aligncenter\" src=\"http:\/\/gzvodice.si\/wp-content\/uploads\/2022\/01\/IMG_20220108_135436.jpg\" alt=\"\" width=\"483\" height=\"362\"><\/a><\/p>\n<p>Prostovoljno gasilsko dru\u0161tvo Polje so dne 27. decembra 1921 ustanovili va\u0161\u010dani Polja, Vesce in Sela, na ustanovnem ob\u010dnem zboru v Polju. Dru\u0161tvo je takrat spadalo pod gasilsko \u017dupo Kamnik. Je drugo najstarej\u0161e gasilsko dru\u0161tvo na obmo\u010dju ob\u010dine Vodice. So eno od \u0161estih dru\u0161tev, ki sestavljajo in se zdru\u017eujejo v Gasilsko zvezo Vodice. So dru\u0161tvo I. kategorije in pokrivajo naslednje vasi: Polje, Skaru\u010dna, Vojsko in Povodje. Leta 1921 je bilo ustanovnih \u010dlanov 25, danes je v dru\u0161tvo v\u010dlanjenih kar 232 \u010dlanov, od katerih mladina predstavlja kar 44 \u010dlanov.<\/p>\n<div style=\"text-align: justify;\">\n<p>Kot zanimivost lahko povedo, da so eno redkih dru\u0161tev v Sloveniji, ki se lahko pohvali z dvema gasilskima domovoma v eni vasi. Star gasilski dom je bil postavljen na koncu vasi Polje in \u0161e danes pozdravlja obiskovalce, ki iz zahodne strani pridejo v njihovo vas. Njegov prvotni namen sicer ni ve\u010d operativne narave, ampak dru\u0161tvu in njegovim \u010dlanom slu\u017ei kot zgodovinski opomnik ter je hkrati prostor, kjer se nahaja stara gasilska oprema.<\/p>\n<\/div>\n<div style=\"text-align: justify;\">Najpomembnej\u0161i mejniki v dolgoletnem delovanju Prostovoljnega gasilskega dru\u0161tva Polje:<\/div>\n<div style=\"text-align: justify;\">\n<ul>\n<li>1921: ustanovni ob\u010dni zbor Prostovoljnega gasilskega dru\u0161tva Polje, ki se je takrat imenovalo Prostovoljno gasilsko dru\u0161tvo Polje-Vesca<\/li>\n<li>1922: v Kamniku kupljena ro\u010dna \u010drpalka z vso potrebno opremo in platnene delovne obleke<\/li>\n<li>16. september 1923: otvoritev gasilskega doma (\u00bbstari gasilski dom\u00ab)<\/li>\n<li>1924: nakup voza za prevoz brizgalne in mo\u0161tva<\/li>\n<li>1926: \u010dlani vasi Selo zapustijo Prostovoljno gasilsko dru\u0161tvo Polje in se pridru\u017eijo novoustanovljenemu Prostovoljnemu gasilskemu dru\u0161tvu \u0160inkov Turn<\/li>\n<li>1937: nakup ILO \u010drpalke<\/li>\n<li>1948: nabava vpre\u017enega voza za intervencije na gumi kolesa<\/li>\n<li>1961: razvitje novega prapora<\/li>\n<li>1967: sprejet sklep ob\u010dnega zbora, da se v dru\u0161tvo lahko v\u010dlanijo \u010dlani iz Vojskega, Skaru\u010dne in Povodja<\/li>\n<li>1973: nakup novega gasilskega vozila IMV 1600 kombi, nekaj sve\u010danih oblek in prepotrebne opreme<\/li>\n<li>1975: kupljena in prevzeta nova motorna brizgalna Rosenbauer 800 l<\/li>\n<li>1981: postavitev temeljnega kamna za nov gasilski dom<\/li>\n<li>1982: za\u010detek gradnje novega gasilskega doma<\/li>\n<li>1987: sve\u010dana otvoritev novega gasilskega doma<\/li>\n<li>1988: prodaja vozila IMV 1600 kombi in nakup ter prevzem novega vozila TAM 80T50<\/li>\n<li>1990: s strani \u0161taba Civilne za\u0161\u010dite Ljubljana &#8211; \u0160i\u0161ka dodeljena traktorska cisterna CREINA s kapaciteto 3200 l vode<\/li>\n<li>1995: kon\u010dana izgradnja plesne plo\u0161\u010dadi in brunarice za domom<\/li>\n<li>1996: blagoslov novega gasilskega prapora<\/li>\n<li>1999: ureditev podstre\u0161nega dela doma, kamor je 10. septembra 1999 Gasilska zveza Vodice preselila svoj sede\u017e<\/li>\n<li>2006: pridobitev vozila TAM 125T10 od Prostovoljnega gasilskega dru\u0161tva \u0160inkov Turn<\/li>\n<li>15. oktober 2011: prevzem novega vozila GVV-1<\/li>\n<\/ul>\n<\/div>\n<div style=\"text-align: justify;\">\n<p>Dru\u0161tvo ima na letni ravni sicer malo intervencij, vendar se vedno odzovejo, ko jih ljudje potrebujejo. Kljub malo\u0161tevilnim intervencijam vsekakor ne gre spregledati aktivnosti, ki se odvijajo skozi celo leto. Udele\u017eujejo se razli\u010dnih gasilskih tekmovanj na ravni Gasilske zveze Vodice, poznani so tudi po sodelovanju na tekmovanjih tudi izven meja ob\u010dine Vodice. Najve\u010dje tekmovalne uspehe zagotovo dosegajo starej\u0161e gasilke in gasilci.<\/p>\n<\/div>\n<div style=\"text-align: justify;\">Veliko \u010dasa gasilci namenijo izobra\u017eevanju. Operativne gasilce izobra\u017eujejo tako na ravni Gasilske zveze Vodice kot tudi Gasilske zveze Slovenije. Velik dele\u017e pozornosti jim vzame tudi vzgoja mladine. Temu podro\u010dju posve\u010dajo mentorice in mentorji veliko svojega prostega \u010dasa, zato se jim za nov rod ni treba bati. Poznani so tudi po pripravi vsakoletne velike gasilske veselice in klobasarske tombole.<\/div>\n<div style=\"text-align: justify;\">&nbsp;<\/div>\n<div style=\"text-align: justify;\">Ne manjkamo na drugih prireditvah, najsi bodo gasilske parade, pogrebi, proslave ali kak\u0161ne druge dru\u017eabe in dru\u017ebenokoristne aktivnosti. Vsako leto se udele\u017eijo tudi vseslovenske \u010distilne akcije. Ob koncu leta nikoli ne pozabijo na zveste va\u0161\u010danke in va\u0161\u010dane, ki jih razveselijo s prednovoletnim obiskom in koledarjem ter jim za\u017eelijo veselo in varno leto, ki prihaja. S simboli\u010dnim darilom vsakoletno obi\u0161\u010dejo tudi bolne in starej\u0161e \u010dlane ter jim z dobrim namenom polep\u0161ajo decembrske dni.<\/div>\n<div style=\"text-align: justify;\">&nbsp;<\/div>\n<div style=\"text-align: justify;\">\n<p>Prostovoljno gasilsko dru\u0161tvo svoje aktivnosti potrjujejo tudi z operativnim delom, ki zajema skrb za dom in gasilsko opremo, hidrantno omre\u017eje ter vozni park. Za bolj\u0161o pripravljenost operativnih gasilcev vsako leto pripravijo tudi ve\u010d operativnih vaj.<\/p>\n<\/div>\n<div style=\"text-align: justify;\">\u010clani Prostovoljnega gasilskega dru\u0161tva Polje \u0161e danes delujejo v skladu z geslom, ki je dolgo \u010dasa krasil tudi pro\u010delje starega gasilskega doma: Bli\u017enjemu na pomo\u010d!<\/div>\n","protected":false},"excerpt":{"rendered":"<p>e-mail: pgd.polje@gmail.com facebook: http:\/\/www.facebook.com\/people\/Pgd-Polje\/100009907784612 Prostovoljno gasilsko dru\u0161tvo Polje so dne 27. decembra 1921 ustanovili va\u0161\u010dani Polja, Vesce in Sela, na ustanovnem ob\u010dnem zboru v Polju. Dru\u0161tvo je takrat spadalo pod gasilsko \u017dupo Kamnik. Je drugo najstarej\u0161e gasilsko dru\u0161tvo na obmo\u010dju&#8230;<\/p>\n","protected":false},"author":1,"featured_media":0,"parent":17,"menu_order":2,"comment_status":"closed","ping_status":"closed","template":"","meta":{"footnotes":"","_links_to":"","_links_to_target":""},"class_list":["post-24","page","type-page","status-publish","hentry"],"_links":{"self":[{"href":"https:\/\/www.gzvodice.si\/index.php?rest_route=\/wp\/v2\/pages\/24","targetHints":{"allow":["GET"]}}],"collection":[{"href":"https:\/\/www.gzvodice.si\/index.php?rest_route=\/wp\/v2\/pages"}],"about":[{"href":"https:\/\/www.gzvodice.si\/index.php?rest_route=\/wp\/v2\/types\/page"}],"author":[{"embeddable":true,"href":"https:\/\/www.gzvodice.si\/index.php?rest_route=\/wp\/v2\/users\/1"}],"replies":[{"embeddable":true,"href":"https:\/\/www.gzvodice.si\/index.php?rest_route=%2Fwp%2Fv2%2Fcomments&post=24"}],"version-history":[{"count":4,"href":"https:\/\/www.gzvodice.si\/index.php?rest_route=\/wp\/v2\/pages\/24\/revisions"}],"predecessor-version":[{"id":1678,"href":"https:\/\/www.gzvodice.si\/index.php?rest_route=\/wp\/v2\/pages\/24\/revisions\/1678"}],"up":[{"embeddable":true,"href":"https:\/\/www.gzvodice.si\/index.php?rest_route=\/wp\/v2\/pages\/17"}],"wp:attachment":[{"href":"https:\/\/www.gzvodice.si\/index.php?rest_route=%2Fwp%2Fv2%2Fmedia&parent=24"}],"curies":[{"name":"wp","href":"https:\/\/api.w.org\/{rel}","templated":true}]}}