{"id":238,"date":"2018-11-13T09:42:09","date_gmt":"2018-11-13T08:42:09","guid":{"rendered":"http:\/\/gzvodice.si\/?page_id=238"},"modified":"2025-03-20T13:55:43","modified_gmt":"2025-03-20T13:55:43","slug":"osebna-izkaznica","status":"publish","type":"page","link":"https:\/\/www.gzvodice.si\/?page_id=238","title":{"rendered":"Osebna izkaznica"},"content":{"rendered":"<table class=\"align: right;\" style=\"height: 204px;\" width=\"450\">\n<tbody>\n<tr>\n<td style=\"text-align: left;\">Naziv:<\/td>\n<td style=\"text-align: left;\">Gasilska zveza Vodice<\/td>\n<\/tr>\n<tr>\n<td>Kraj\u0161i naziv:<\/td>\n<td>GZ Vodice<\/td>\n<\/tr>\n<tr>\n<td>Naslov:<\/td>\n<td>Polje pri Vodicah 5A<\/td>\n<\/tr>\n<tr>\n<td>Po\u0161ta:<\/td>\n<td>1217 Vodice<\/td>\n<\/tr>\n<tr>\n<td>Leto ustanovitve:<\/td>\n<td>1995<\/td>\n<\/tr>\n<tr>\n<td>Vulkan ID:<\/td>\n<td>286<\/td>\n<\/tr>\n<tr>\n<td>Mati\u010dna \u0161tevilka:<\/td>\n<td>5923425000<\/td>\n<\/tr>\n<tr>\n<td>Dav\u010dna \u0161tevilka:<\/td>\n<td>55598609<\/td>\n<\/tr>\n<tr>\n<td>TRR:<\/td>\n<td>SI56 0203 2001 4145 756<\/td>\n<\/tr>\n<\/tbody>\n<\/table>\n<p style=\"text-align: cenetr;\"><iframe loading=\"lazy\" style=\"border: 0;\" src=\"https:\/\/www.google.com\/maps\/embed?pb=!1m14!1m8!1m3!1d11053.498804881649!2d14.486391735412598!3d46.163196346937774!3m2!1i1024!2i768!4f13.1!3m3!1m2!1s0x0%3A0x7941aefe8f27d85f!2sGasilska+zveza+Vodice!5e0!3m2!1ssl!2ssi!4v1542098658309\" width=\"450\" height=\"450\" frameborder=\"0\" allowfullscreen=\"allowfullscreen\"><span style=\"display: inline-block; width: 0px; overflow: hidden; line-height: 0;\" data-mce-type=\"bookmark\" class=\"mce_SELRES_start\">\ufeff<\/span><\/iframe><\/p>\n","protected":false},"excerpt":{"rendered":"<p>Naziv: Gasilska zveza Vodice Kraj\u0161i naziv: GZ Vodice Naslov: Polje pri Vodicah 5A Po\u0161ta: 1217 Vodice Leto ustanovitve: 1995 Vulkan ID: 286 Mati\u010dna \u0161tevilka: 5923425000 Dav\u010dna \u0161tevilka: 55598609 TRR: SI56 0203 2001 4145 756 \ufeff<\/p>\n","protected":false},"author":2,"featured_media":0,"parent":5,"menu_order":1,"comment_status":"closed","ping_status":"closed","template":"","meta":{"footnotes":"","_links_to":"","_links_to_target":""},"class_list":["post-238","page","type-page","status-publish","hentry"],"_links":{"self":[{"href":"https:\/\/www.gzvodice.si\/index.php?rest_route=\/wp\/v2\/pages\/238","targetHints":{"allow":["GET"]}}],"collection":[{"href":"https:\/\/www.gzvodice.si\/index.php?rest_route=\/wp\/v2\/pages"}],"about":[{"href":"https:\/\/www.gzvodice.si\/index.php?rest_route=\/wp\/v2\/types\/page"}],"author":[{"embeddable":true,"href":"https:\/\/www.gzvodice.si\/index.php?rest_route=\/wp\/v2\/users\/2"}],"replies":[{"embeddable":true,"href":"https:\/\/www.gzvodice.si\/index.php?rest_route=%2Fwp%2Fv2%2Fcomments&post=238"}],"version-history":[{"count":13,"href":"https:\/\/www.gzvodice.si\/index.php?rest_route=\/wp\/v2\/pages\/238\/revisions"}],"predecessor-version":[{"id":2576,"href":"https:\/\/www.gzvodice.si\/index.php?rest_route=\/wp\/v2\/pages\/238\/revisions\/2576"}],"up":[{"embeddable":true,"href":"https:\/\/www.gzvodice.si\/index.php?rest_route=\/wp\/v2\/pages\/5"}],"wp:attachment":[{"href":"https:\/\/www.gzvodice.si\/index.php?rest_route=%2Fwp%2Fv2%2Fmedia&parent=238"}],"curies":[{"name":"wp","href":"https:\/\/api.w.org\/{rel}","templated":true}]}}