{"id":19,"date":"2018-11-06T14:21:33","date_gmt":"2018-11-06T13:21:33","guid":{"rendered":"http:\/\/gzvodice.si\/?page_id=19"},"modified":"2018-11-07T12:00:14","modified_gmt":"2018-11-07T11:00:14","slug":"pgd-bukovica-utik","status":"publish","type":"page","link":"https:\/\/www.gzvodice.si\/?page_id=19","title":{"rendered":"PGD Bukovica-Utik"},"content":{"rendered":"<p>e-mail: pgd.bukovica.utik@gmail.com<br \/>\nfacebook: <a href=\"https:\/\/www.facebook.com\/\/pgdbukovica.utik\/\" target=\"_blank\" rel=\"noopener\">https:\/\/www.facebook.com\/\/pgdbukovica.utik\/<\/a><\/p>\n<p><img loading=\"lazy\" decoding=\"async\" class=\"alignnone size-medium wp-image-21 aligncenter\" src=\"http:\/\/gzvodice.si\/wp-content\/uploads\/2018\/11\/l_1059561_gd-bukovica-utik1-300x200.jpg\" alt=\"\" width=\"300\" height=\"200\" \/><\/p>\n<div>\n<p style=\"text-align: justify;\">Za\u010detki delovanja Prostovoljnega gasilskega dru\u0161tva Bukovica &#8211; Utik segajo v leto 1903, takrat \u0161e pod okriljem skupnega dru\u0161tva okoli\u0161kih vasi v Vodicah. Leta 1940, ko je bil ustanovni ob\u010dni zbor, so va\u0161\u010dani Bukovice in Utika ustanovili svoje dru\u0161tvo.<\/p>\n<\/div>\n<div style=\"text-align: justify;\">\n<p>V prvih letih delovanja so gasilci razpolagali s skromno gasilsko tehniko, zato se je pri ga\u0161enju izkazala predvsem lastna iznajdljivost. Z razvojem opreme se je ve\u010dala tudi u\u010dinkovitost gasilcev pri posredovanju na intervencijah. Danes so intervencije vse bolj zahtevne, zato klasi\u010dno ga\u0161enje pogosto ni ve\u010d primerno, \u010deprav je voda \u0161e vedno najbolj raz\u0161irjeno in uporabno gasilno sredstvo. Pri po\u017earih v dana\u0161njem \u010dasu nastaja precej stranskih produktov gorenja, kot so dim, strupeni hlapi, kisline, jedke snovi in drugo. Pogosto smo gasilci izpostavljeni vsem tem nevarnostim, zato je za u\u010dinkovito in varno delo gasilcev pri izvajanju nalog potrebna dobra za\u0161\u010ditna in re\u0161evalna oprema ter gasilsko znanje. Opremo gasilci Prostovoljnega gasilskega dru\u0161tva Bukovica &#8211; Utik postopoma kupujejo, medtem ko znanje pridobivajo na te\u010dajih, vajah, seminarjih in usposabljanjih, saj so poleg ga\u0161enja potrebna znanja tudi razli\u010dnih tehni\u010dnih re\u0161evanj ter re\u0161evanj ob naravnih nesre\u010dah.<\/p>\n<\/div>\n<div style=\"text-align: justify;\">\n<p>Posebna dol\u017enost Prostovoljnega gasilskega dru\u0161tva Bukovica &#8211; Utik je, da o nevarnostih pou\u010dijo tudi najmlaj\u0161e, zato poglavitno skrb namenjajo mladini, s katero se zagotavlja obstoj in delovanje dru\u0161tva tudi vnaprej. Ob novem letu velja tradicija, da mladina Prostovoljnega gasilskega dru\u0161tva Bukovica &#8211; Utik obi\u0161\u010de starej\u0161e \u010dlane dru\u0161tva in jih razveseli z drobno pozornostjo. Po stari gasilski tradiciji pa \u010dlani v prednovoletnem \u010dasu obi\u0161\u010dejo vse va\u0161\u010dane in jih obdarijo z gasilskim koledarjem. Ob tem se zbere kar nekaj prostovoljnih prispevkov, s katerimi je delovanje dru\u0161tva la\u017eje.<\/p>\n<\/div>\n<div style=\"text-align: justify;\">Prostovoljno gasilsko dru\u0161tvo Bukovica &#8211; Utik deluje v skladu z Zakonom o dru\u0161tvih in Zakonom o gasilstvu ter je vklju\u010deno v Gasilsko zvezo Vodice. Dru\u0161tvo je zelo aktivno na podro\u010dju gasilskih tekmovanj, saj vsako leto sodeluje na tekmovanjih s pionirsko, mladinsko, \u010dlansko in veteransko desetino. Veseli so dobrih uvrstitev in ponosni na svoje \u010dlane.<\/div>\n","protected":false},"excerpt":{"rendered":"<p>e-mail: pgd.bukovica.utik@gmail.com facebook: https:\/\/www.facebook.com\/\/pgdbukovica.utik\/ Za\u010detki delovanja Prostovoljnega gasilskega dru\u0161tva Bukovica &#8211; Utik segajo v leto 1903, takrat \u0161e pod okriljem skupnega dru\u0161tva okoli\u0161kih vasi v Vodicah. Leta 1940, ko je bil ustanovni ob\u010dni zbor, so va\u0161\u010dani Bukovice in Utika ustanovili&#8230;<\/p>\n","protected":false},"author":1,"featured_media":0,"parent":17,"menu_order":1,"comment_status":"closed","ping_status":"closed","template":"","meta":{"footnotes":"","_links_to":"","_links_to_target":""},"class_list":["post-19","page","type-page","status-publish","hentry"],"_links":{"self":[{"href":"https:\/\/www.gzvodice.si\/index.php?rest_route=\/wp\/v2\/pages\/19","targetHints":{"allow":["GET"]}}],"collection":[{"href":"https:\/\/www.gzvodice.si\/index.php?rest_route=\/wp\/v2\/pages"}],"about":[{"href":"https:\/\/www.gzvodice.si\/index.php?rest_route=\/wp\/v2\/types\/page"}],"author":[{"embeddable":true,"href":"https:\/\/www.gzvodice.si\/index.php?rest_route=\/wp\/v2\/users\/1"}],"replies":[{"embeddable":true,"href":"https:\/\/www.gzvodice.si\/index.php?rest_route=%2Fwp%2Fv2%2Fcomments&post=19"}],"version-history":[{"count":4,"href":"https:\/\/www.gzvodice.si\/index.php?rest_route=\/wp\/v2\/pages\/19\/revisions"}],"predecessor-version":[{"id":87,"href":"https:\/\/www.gzvodice.si\/index.php?rest_route=\/wp\/v2\/pages\/19\/revisions\/87"}],"up":[{"embeddable":true,"href":"https:\/\/www.gzvodice.si\/index.php?rest_route=\/wp\/v2\/pages\/17"}],"wp:attachment":[{"href":"https:\/\/www.gzvodice.si\/index.php?rest_route=%2Fwp%2Fv2%2Fmedia&parent=19"}],"curies":[{"name":"wp","href":"https:\/\/api.w.org\/{rel}","templated":true}]}}