{"id":13,"date":"2018-11-06T14:18:04","date_gmt":"2018-11-06T13:18:04","guid":{"rendered":"http:\/\/gzvodice.si\/?page_id=13"},"modified":"2025-02-28T20:35:40","modified_gmt":"2025-02-28T20:35:40","slug":"upravni-odbor","status":"publish","type":"page","link":"https:\/\/www.gzvodice.si\/?page_id=13","title":{"rendered":"Upravni odbor"},"content":{"rendered":"<p>\u010clani upravnega odbora GZ Vodice v mandatnem obdobju 2023 &#8211; 2028 so:<\/p>\n<table style=\"height: 833px;\" border=\"1\" width=\"450\">\n<tbody>\n<tr>\n<td style=\"vertical-align: middle;\" width=\"300\"><strong>Predsednica<\/strong><\/td>\n<td style=\"vertical-align: middle;\" width=\"150\">Erika Potr\u010d Hribar<\/td>\n<\/tr>\n<tr>\n<td style=\"vertical-align: middle;\"><strong>Namestnik predsednice<\/strong><br \/>\n<strong>(predsednik PGD Repnje &#8211; Dobru\u0161a)<\/strong><\/td>\n<td style=\"vertical-align: middle;\">Jure \u010cernivec<\/td>\n<\/tr>\n<tr>\n<td style=\"vertical-align: middle;\"><strong>Tajnica<\/strong><\/td>\n<td style=\"vertical-align: middle;\">Karmen Bokal<\/td>\n<\/tr>\n<tr>\n<td style=\"vertical-align: middle;\"><strong>Blagajnik<\/strong><\/td>\n<td style=\"vertical-align: middle;\">Bogomir Novak<\/td>\n<\/tr>\n<tr>\n<td style=\"vertical-align: middle;\"><strong>Predsednica<\/strong><br \/>\n<strong> mladinske komisije<\/strong><\/td>\n<td style=\"vertical-align: middle;\">Len\u010dka Hafner<\/td>\n<\/tr>\n<tr>\n<td style=\"vertical-align: middle;\"><strong>Predsednica<\/strong><br \/>\n<strong>komisije za \u010dlanice<\/strong><\/td>\n<td style=\"vertical-align: middle;\">Nina Viktorija Bilban<\/td>\n<\/tr>\n<tr>\n<td style=\"vertical-align: middle;\"><strong>Predsednik<\/strong><br \/>\n<strong>komisije za veterane<\/strong><\/td>\n<td style=\"vertical-align: middle;\">\u0160tefan Kunstelj<\/td>\n<\/tr>\n<tr>\n<td style=\"vertical-align: middle;\"><strong>Predsednik<\/strong><br \/>\n<strong>komisije za odlikovanja<\/strong><\/td>\n<td style=\"vertical-align: middle;\">Bogomir Novak<\/td>\n<\/tr>\n<tr>\n<td style=\"vertical-align: middle;\"><strong>\u010clan<\/strong><br \/>\n<strong>(predsednik PGD Bukovica-Utik)<br \/>\n<\/strong><\/td>\n<td style=\"vertical-align: middle;\">Tadej Kranjec<\/td>\n<\/tr>\n<tr>\n<td style=\"vertical-align: middle;\"><strong>\u010clanica<\/strong><br \/>\n<strong>(predsednik PGD Polje)<br \/>\n<\/strong><\/td>\n<td style=\"vertical-align: middle;\">Gregor Koritnik<\/td>\n<\/tr>\n<tr>\n<td style=\"vertical-align: middle;\"><strong>\u010clanica<\/strong><br \/>\n<strong>(predsednica PGD \u0160inkov Turn)<br \/>\n<\/strong><\/td>\n<td style=\"vertical-align: middle;\">Sa\u0161a Kova\u010devi\u0107<\/td>\n<\/tr>\n<tr>\n<td style=\"vertical-align: middle;\"><strong>\u010clan<\/strong><br \/>\n<strong>(predsednik PGD Vodice)<br \/>\n<\/strong><\/td>\n<td style=\"vertical-align: middle;\">Urban Koglar<\/td>\n<\/tr>\n<tr>\n<td style=\"vertical-align: middle;\"><strong>\u010clan<\/strong><strong><br \/>\n<\/strong><\/td>\n<td style=\"vertical-align: middle;\">Miha Rihtar\u0161i\u010d<\/td>\n<\/tr>\n<tr>\n<td style=\"vertical-align: middle;\"><strong>\u010clan<\/strong><\/td>\n<td style=\"vertical-align: middle;\">Rudi Kopa\u010d<\/td>\n<\/tr>\n<tr>\n<td style=\"vertical-align: middle;\"><strong>Poveljnik<\/strong><\/td>\n<td style=\"vertical-align: middle;\">Jo\u017ee Pavli\u010d<\/td>\n<\/tr>\n<tr>\n<td style=\"vertical-align: middle;\"><strong>Namestnik poveljnika<\/strong><\/td>\n<td style=\"vertical-align: middle;\">Uro\u0161 Talan<\/td>\n<\/tr>\n<tr>\n<td style=\"vertical-align: middle;\"><strong>Podpoveljnik I.<\/strong><\/td>\n<td style=\"vertical-align: middle;\">Roman Bali\u017e<\/td>\n<\/tr>\n<tr>\n<td style=\"vertical-align: middle;\"><strong>Podpoveljnik II.<\/strong><\/td>\n<td style=\"vertical-align: middle;\">Emil Semeni\u010d<\/td>\n<\/tr>\n<\/tbody>\n<\/table>\n<p>\u010clani nadzornega odbora GZ Vodice v mandatnem obdobju 2023 &#8211; 2028 so:<\/p>\n<table style=\"height: 52px;\" border=\"1\" width=\"450\">\n<tbody>\n<tr>\n<td style=\"vertical-align: middle;\" width=\"150\"><strong>Predsednik<\/strong><\/td>\n<td style=\"vertical-align: middle;\">Rok Jeraj<\/td>\n<\/tr>\n<tr>\n<td style=\"vertical-align: middle;\" width=\"150\"><strong>\u010clan<\/strong><\/td>\n<td style=\"vertical-align: middle;\">Klemen Mer\u010dun<\/td>\n<\/tr>\n<tr>\n<td style=\"vertical-align: middle;\" width=\"150\"><strong>\u010clan<\/strong><\/td>\n<td style=\"vertical-align: middle;\">Janko Ho\u010devar<\/td>\n<\/tr>\n<\/tbody>\n<\/table>\n<p>\u010clanice Komisije za \u010dlanice GZ Vodice v mandatnem obdobju 2023 &#8211; 2028 so:<\/p>\n<table style=\"height: 52px;\" border=\"1\" width=\"450\">\n<tbody>\n<tr>\n<td style=\"vertical-align: middle;\" width=\"150\"><strong>Predsednica<\/strong><\/td>\n<td style=\"vertical-align: middle;\">Nina Viktorija Bilban<\/td>\n<\/tr>\n<tr>\n<td style=\"vertical-align: middle;\" width=\"150\"><strong>\u010clanica<\/strong><\/td>\n<td style=\"vertical-align: middle;\">Karin Gubanc<\/td>\n<\/tr>\n<tr>\n<td style=\"vertical-align: middle;\" width=\"150\"><strong>\u010clanica<\/strong><\/td>\n<td style=\"vertical-align: middle;\">Rotija Bohinc<\/td>\n<\/tr>\n<tr>\n<td style=\"vertical-align: middle;\" width=\"150\"><strong>\u010clanica<\/strong><\/td>\n<td style=\"vertical-align: middle;\">Silvija \u0160u\u0161ter\u0161i\u010d<\/td>\n<\/tr>\n<tr>\n<td style=\"vertical-align: middle;\" width=\"150\"><strong>\u010clanica<\/strong><\/td>\n<td style=\"vertical-align: middle;\">Metka Gregorc<\/td>\n<\/tr>\n<p><!--\n\n\n<tr>\n\n\n<td style=\"vertical-align: middle;\" width=\"150\"><strong>\u010clan<\/strong><\/td>\n\n\n\n\n<td style=\"vertical-align: middle;\">Rok Rahne<\/td>\n\n\n<\/tr>\n\n\n--><\/tbody>\n<\/table>\n<p>\u010clani Komisije za veterane GZ Vodice v mandatnem obdobju 2023 &#8211; 2028 so:<\/p>\n<table style=\"height: 182px;\" border=\"1\" width=\"450\">\n<tbody>\n<tr>\n<td style=\"vertical-align: middle;\" width=\"150\"><strong>Predsednik<\/strong><\/td>\n<td style=\"vertical-align: middle;\">\u0160tefan Kunstelj<\/td>\n<\/tr>\n<tr>\n<td style=\"vertical-align: middle;\" width=\"150\"><strong>\u010clanica<\/strong><\/td>\n<td style=\"vertical-align: middle;\">Marinka Potr\u010d<\/td>\n<\/tr>\n<tr>\n<td style=\"vertical-align: middle;\" width=\"150\"><strong>\u010clan<\/strong><\/td>\n<td style=\"vertical-align: middle;\">Jo\u017ee Ro\u017emanec<\/td>\n<\/tr>\n<tr>\n<td style=\"vertical-align: middle;\" width=\"150\"><strong>\u010clan<\/strong><\/td>\n<td style=\"vertical-align: middle;\">Franc Sodnik<\/td>\n<\/tr>\n<tr>\n<td style=\"vertical-align: middle;\" width=\"150\"><strong>\u010clan<\/strong><\/td>\n<td style=\"vertical-align: middle;\">Lojze Kosma\u010d<\/td>\n<\/tr>\n<\/tbody>\n<\/table>\n<p>\u010clani Komisije za priznanja in odlikovanja GZ Vodice v mandatnem obdobju 2023 &#8211; 2028 so:<\/p>\n<table style=\"height: 185px;\" border=\"1\" width=\"450\">\n<tbody>\n<tr>\n<td style=\"vertical-align: middle;\" width=\"150\"><strong>Predsednik<\/strong><\/td>\n<td style=\"vertical-align: middle;\">Bogomir Novak<\/td>\n<\/tr>\n<tr>\n<td style=\"vertical-align: middle;\" width=\"150\"><strong>\u010clan<\/strong><\/td>\n<td style=\"vertical-align: middle;\">Roman Bali\u017e<\/td>\n<\/tr>\n<tr>\n<td style=\"vertical-align: middle;\" width=\"150\"><strong>\u010clan<\/strong><\/td>\n<td style=\"vertical-align: middle;\">Nata\u0161a \u0160u\u0161ter\u0161i\u010d<\/td>\n<\/tr>\n<tr>\n<td style=\"vertical-align: middle;\" width=\"150\"><strong>\u010clan<\/strong><\/td>\n<td style=\"vertical-align: middle;\">Rok Alja\u017e<\/td>\n<\/tr>\n<tr>\n<td style=\"vertical-align: middle;\" width=\"150\"><strong>\u010clan<\/strong><\/td>\n<td style=\"vertical-align: middle;\">Matija Jenko<\/td>\n<\/tr>\n<\/tbody>\n<\/table>\n","protected":false},"excerpt":{"rendered":"<p>\u010clani upravnega odbora GZ Vodice v mandatnem obdobju 2023 &#8211; 2028 so: Predsednica Erika Potr\u010d Hribar Namestnik predsednice (predsednik PGD Repnje &#8211; Dobru\u0161a) Jure \u010cernivec Tajnica Karmen Bokal Blagajnik Bogomir Novak Predsednica mladinske komisije Len\u010dka Hafner Predsednica komisije za \u010dlanice&#8230;<\/p>\n","protected":false},"author":1,"featured_media":0,"parent":234,"menu_order":1,"comment_status":"closed","ping_status":"closed","template":"","meta":{"footnotes":"","_links_to":"","_links_to_target":""},"class_list":["post-13","page","type-page","status-publish","hentry"],"_links":{"self":[{"href":"https:\/\/www.gzvodice.si\/index.php?rest_route=\/wp\/v2\/pages\/13","targetHints":{"allow":["GET"]}}],"collection":[{"href":"https:\/\/www.gzvodice.si\/index.php?rest_route=\/wp\/v2\/pages"}],"about":[{"href":"https:\/\/www.gzvodice.si\/index.php?rest_route=\/wp\/v2\/types\/page"}],"author":[{"embeddable":true,"href":"https:\/\/www.gzvodice.si\/index.php?rest_route=\/wp\/v2\/users\/1"}],"replies":[{"embeddable":true,"href":"https:\/\/www.gzvodice.si\/index.php?rest_route=%2Fwp%2Fv2%2Fcomments&post=13"}],"version-history":[{"count":55,"href":"https:\/\/www.gzvodice.si\/index.php?rest_route=\/wp\/v2\/pages\/13\/revisions"}],"predecessor-version":[{"id":2272,"href":"https:\/\/www.gzvodice.si\/index.php?rest_route=\/wp\/v2\/pages\/13\/revisions\/2272"}],"up":[{"embeddable":true,"href":"https:\/\/www.gzvodice.si\/index.php?rest_route=\/wp\/v2\/pages\/234"}],"wp:attachment":[{"href":"https:\/\/www.gzvodice.si\/index.php?rest_route=%2Fwp%2Fv2%2Fmedia&parent=13"}],"curies":[{"name":"wp","href":"https:\/\/api.w.org\/{rel}","templated":true}]}}